{"id":507,"date":"2023-06-27T17:45:12","date_gmt":"2023-06-27T15:45:12","guid":{"rendered":"https:\/\/skolskashema.mps.hr\/o-projektu\/"},"modified":"2023-08-01T09:42:10","modified_gmt":"2023-08-01T07:42:10","slug":"o-projektu","status":"publish","type":"page","link":"https:\/\/skolskashema.mps.hr\/en\/o-projektu\/","title":{"rendered":"About"},"content":{"rendered":"\t\t<div data-elementor-type=\"wp-page\" data-elementor-id=\"507\" class=\"elementor elementor-507 elementor-159\" data-elementor-post-type=\"page\">\n\t\t\t\t\t\t\t\t\t<section class=\"elementor-section elementor-top-section elementor-element elementor-element-582d47c elementor-section-boxed elementor-section-height-default elementor-section-height-default\" data-id=\"582d47c\" data-element_type=\"section\">\n\t\t\t\t\t\t<div class=\"elementor-container elementor-column-gap-default\">\n\t\t\t\t\t<div class=\"elementor-column elementor-col-100 elementor-top-column elementor-element elementor-element-74779c6\" data-id=\"74779c6\" data-element_type=\"column\">\n\t\t\t<div class=\"elementor-widget-wrap elementor-element-populated\">\n\t\t\t\t\t\t\t\t<div class=\"elementor-element elementor-element-4c6cc6e elementor-widget elementor-widget-heading\" data-id=\"4c6cc6e\" data-element_type=\"widget\" data-widget_type=\"heading.default\">\n\t\t\t\t<div class=\"elementor-widget-container\">\n\t\t\t<style>\/*! elementor - v3.14.0 - 26-06-2023 *\/\n.elementor-heading-title{padding:0;margin:0;line-height:1}.elementor-widget-heading .elementor-heading-title[class*=elementor-size-]>a{color:inherit;font-size:inherit;line-height:inherit}.elementor-widget-heading .elementor-heading-title.elementor-size-small{font-size:15px}.elementor-widget-heading .elementor-heading-title.elementor-size-medium{font-size:19px}.elementor-widget-heading .elementor-heading-title.elementor-size-large{font-size:29px}.elementor-widget-heading .elementor-heading-title.elementor-size-xl{font-size:39px}.elementor-widget-heading .elementor-heading-title.elementor-size-xxl{font-size:59px}<\/style><h2 class=\"elementor-heading-title elementor-size-default\">O projektu<\/h2>\t\t<\/div>\n\t\t\t\t<\/div>\n\t\t\t\t\t<\/div>\n\t\t<\/div>\n\t\t\t\t\t\t\t<\/div>\n\t\t<\/section>\n\t\t\t\t<section class=\"elementor-section elementor-top-section elementor-element elementor-element-4ac00ea elementor-section-boxed elementor-section-height-default elementor-section-height-default\" data-id=\"4ac00ea\" data-element_type=\"section\">\n\t\t\t\t\t\t<div class=\"elementor-container elementor-column-gap-default\">\n\t\t\t\t\t<div class=\"elementor-column elementor-col-100 elementor-top-column elementor-element elementor-element-2dff18e\" data-id=\"2dff18e\" data-element_type=\"column\">\n\t\t\t<div class=\"elementor-widget-wrap elementor-element-populated\">\n\t\t\t\t\t\t\t\t<div class=\"elementor-element elementor-element-7a6e3d1 elementor-widget elementor-widget-text-editor\" data-id=\"7a6e3d1\" data-element_type=\"widget\" data-widget_type=\"text-editor.default\">\n\t\t\t\t<div class=\"elementor-widget-container\">\n\t\t\t<style>\/*! elementor - v3.14.0 - 26-06-2023 *\/\n.elementor-widget-text-editor.elementor-drop-cap-view-stacked .elementor-drop-cap{background-color:#69727d;color:#fff}.elementor-widget-text-editor.elementor-drop-cap-view-framed .elementor-drop-cap{color:#69727d;border:3px solid;background-color:transparent}.elementor-widget-text-editor:not(.elementor-drop-cap-view-default) .elementor-drop-cap{margin-top:8px}.elementor-widget-text-editor:not(.elementor-drop-cap-view-default) .elementor-drop-cap-letter{width:1em;height:1em}.elementor-widget-text-editor .elementor-drop-cap{float:left;text-align:center;line-height:1;font-size:50px}.elementor-widget-text-editor .elementor-drop-cap-letter{display:inline-block}<\/style>\t\t\t\tPotreba promoviranja zdravog na\u010dina \u017eivota i s njim povezane pravilne prehrane, osobito djece i mladih ljudi, predstavlja zna\u010dajnu komponentu javnozdravstvenih politika Europske unije.\r\n\r\n\u0160kolska shema predstavlja dobrovoljni, dodatni program, koji uz cjelogodi\u0161nji \u0161kolski program prehrane u\u010denika i sudjelovanje u\u010denika u njezinim drugim mjerama, pozitivno utje\u010de na pobolj\u0161anje prehrambenih navika djece \u0161kolske dobi te razvija povezanost i pozitivan odnos djeteta prema prirodi i okoli\u0161u, kao i zajednici u kojoj \u017eivi i djeluje.\r\n\r\nRepublika Hrvatska je i prije prvog programskog razdoblja provedbe (2017. &#8211; 2023.) prepoznala zna\u010daj \u0160kolske sheme pa su se prije objedinjavanja u jedinstvenu cjelinu, Shema \u0161kolskog vo\u0107a i povr\u0107a te Shema \u0161kolskog mlijeka, provodile odvojeno. Provedba Sheme \u0161kolskog vo\u0107a i povr\u0107a provodi se od \u0161kolske godine 2013.\/2014., dok se Shema \u0161kolskog mlijeka po\u010dela provoditi od \u0161kolske godine 2015.\/2016. U proteklom petogodi\u0161njem razdoblju, svake \u0161kolske godine u \u0160kolskoj shemi sudjeluje vi\u0161e od 50% u\u010denika iz ciljne skupine (u\u010denici osnovnih \u0161kola u obje Sheme i u\u010denici srednjih \u0161kola u Shemi \u0161kolskog vo\u0107a i povr\u0107a). Krajem travnja 2023. Vlada Republike Hrvatske je na prijedlog Ministarstva poljoprivrede usvojila Nacionalnu strategiju za provedbu \u0160kolske sheme vo\u0107a i povr\u0107a te mlijeka i mlije\u010dnih proizvoda od \u0161kolske godine 2023.\/2024. do \u0161kolske godine 2028.\/2029.\r\n\r\n<strong>Dionici \u0160kolske sheme i ciljana skupina u\u010denika<\/strong>\r\n\r\nOrganizacijsku shemu \u0160kolske sheme \u010dine:\r\n<ol>\r\n \t<li>Ministarstvo poljoprivrede,<\/li>\r\n \t<li>Ministarstvo zdravstva,<\/li>\r\n \t<li>Ministarstvo znanosti i obrazovanja,<\/li>\r\n \t<li>Agencija za pla\u0107anja u poljoprivredi, ribarstvu i ruralnom razvoju,<\/li>\r\n \t<li>Dr\u017eavni inspektorat,<\/li>\r\n \t<li>Osniva\u010di odgojno-obrazovnih ustanova,<\/li>\r\n \t<li>odgojno-obrazovne ustanove,<\/li>\r\n \t<li>Dobavlja\u010di prihvatljivih proizvoda.<\/li>\r\n<\/ol>\r\nS obzirom da potro\u0161nja vo\u0107a i povr\u0107a te mlijeka i mlije\u010dnih proizvoda pada s porastom dobi u\u010denika te da je u ovoj razvojnoj fazi mogu\u0107e oblikovati prehrambene navike djece s ciljem trajnog pove\u0107anja udjela vo\u0107a i povr\u0107a te mlijeka i mlije\u010dnih proizvoda u njihovoj prehrani, kako bi se sprije\u010dila rana debljina i druge bolesti uzrokovane neadekvatnom prehranom i smanjio unos hrane s visokim sadr\u017eajem masti, \u0161e\u0107era i soli <strong>ciljana skupina<\/strong> u\u010denika me\u0111u kojom \u0107e se provoditi Nacionalna strategija su u\u010denici osnovnih i srednjih \u0161kola na podru\u010dju Republike Hrvatske u Shemi vo\u0107a i povr\u0107a te osnovnih \u0161kola na podru\u010dju Republike Hrvatske u Shemi mlijeka.\r\n\r\n<strong>Mjere koje se provode u okviru \u0160kolske sheme<\/strong>\r\n\r\nU okviru Nacionalne strategije provode se sljede\u0107e \u010detiri mjere:\r\n\r\n<strong>Distribucija i\/ili isporuka vo\u0107a i povr\u0107a te mlijeka i mlije\u010dnih proizvoda<\/strong>\r\n\r\nProvedbom mjere Distribucija i\/ili isporuka vo\u0107a i povr\u0107a te mlijeka i mlije\u010dnih proizvoda promi\u010du se zdrave prehrambene navike djece \u010dime se nastoji sprije\u010diti pove\u0107ana u\u010destalost dje\u010dje pretilosti koja je prouzro\u010dena lo\u0161im potro\u0161a\u010dkim navikama usmjerenima na prera\u0111enu hranu koja \u010desto sadr\u017eava velike koli\u010dine dodanog \u0161e\u0107era, soli, masti ili aditiva. Tako\u0111er, provedba ove mjere usmjerena je i prema ja\u010danju svijesti o potrebi konzumiranja svje\u017ee hrane (vo\u0107a i povr\u0107a te mlijeka i mlije\u010dnih proizvoda) i potro\u0161nji proizvoda lokalnog podrijetla.\r\n\r\nPredvi\u0111ena u\u010destalost dostave vo\u0107a i povr\u0107a te mlijeka i mlije\u010dnih proizvoda namijenjenog konzumaciji u odgojno-obrazovne ustanove kre\u0107e se u sljede\u0107im intervalima: najmanje jednom, a najvi\u0161e pet puta tjedno u nastavne dane, u rasponu od najmanje 12 do najvi\u0161e 24 tjedna tijekom \u0161kolske godine.\r\n\r\n<strong>Prate\u0107e obrazovne mjere<\/strong>\r\n\r\nAktivnosti koje se provode unutar ove mjere obrazovnog su karaktera, a njima se neizravno podupire distribucija vo\u0107a i povr\u0107a i\/ili mlijeka i mlije\u010dnih proizvoda u \u0161kolama. Sustavnom provedbom ove mjere nastoji se pridonijeti:\r\n<ul>\r\n \t<li>edukaciji djece o prepoznavanju i razlikovanju sorata vo\u0107a i povr\u0107a te mlijeka i mlije\u010dnih proizvoda prema izgledu, kakvo\u0107i i okusu, ukazuju\u0107i na njihove nutritivne i zdravstvene vrijednosti ;<\/li>\r\n \t<li>podizanju razine svijesti o va\u017enosti potro\u0161nje vo\u0107a i povr\u0107a te mlijeka i mlije\u010dnih proizvoda kao nutritivno izuzetno vrijednih namirnica;<\/li>\r\n \t<li>spre\u010davanju rasipanja hrane te promjeni prehrambenih navika sa stajali\u0161ta o\u010duvanja zdravlja i kontrole unosa masti, \u0161e\u0107era i soli u organizam;<\/li>\r\n \t<li>povezivanju djece s poljoprivredom te poticanju o\u010duvanja prirodne i kulturne ba\u0161tine vlastitog zavi\u010daja.<\/li>\r\n<\/ul>\r\nU okviru ove mjere provodi se jedna ili vi\u0161e podmjera\/aktivnosti:\r\n<ul>\r\n \t<li>Satovi ku\u0161anja vo\u0107a i povr\u0107a i\/ili mlijeka i mlije\u010dnih proizvoda;<\/li>\r\n \t<li>Sjetva, sadnja i odr\u017eavanje \u0161kolskih vrtova;<\/li>\r\n \t<li>Posjet poljoprivrednim gospodarstvima (PG), koji se bave proizvodnjom vo\u0107a i povr\u0107a i\/ili proizvodnjom mlijeka i mlije\u010dnih proizvoda;<\/li>\r\n \t<li>Odr\u017eavanje te\u010dajeva, radionica i predavanja sa svrhom edukacija djece u poljoprivredi, zdravim prehrambenim navikama, lokalnim lancima hrane i ekolo\u0161koj proizvodnji, odr\u017eivoj proizvodnji i sprje\u010davanju rasipanja hrane.<\/li>\r\n<\/ul>\r\n<strong>Promocija <\/strong>\r\n\r\nU okviru ove mjere provode se aktivnosti usmjerene na promicanje svijesti o zna\u010daju provedbe programa, pove\u0107anja vidljivosti programa i upoznavanja \u0161ire javnosti sa ciljevima \u0160kolske sheme. Podrazumijevaju aktivnosti promotivno-informativne kampanje pomo\u0107u radiodifuzije, sredstava elektroni\u010dke komunikacije, tiska i sli\u010dnih sredstava informiranja.\r\n\r\n<strong>Pra\u0107enje i ocjenjivanje<\/strong>\r\n\r\nU okviru ove mjere provode se aktivnosti pra\u0107enja provedbe, vrednovanja postignutih rezultata i ocjenjivanja utjecaja \u0160kolske sheme na prehrambene navike i zdravlje \u0161kolske djece. Mjerom se provjerava djelotvornost i u\u010dinkovitost provedbe\u00a0 programa u \u0161kolama pri \u010demu se posebna pozornost posve\u0107uje promjenama i prihva\u0107anju zdravih prehrambenih navika.\r\n\r\n<strong>Financijska sredstva za provedbu programa<\/strong>\r\n\r\nProra\u010dun za provedbu Nacionalne strategije u Republici Hrvatskoj sastoji se od dva dijela:\r\n<ul>\r\n \t<li><strong>Potpora Europske unije<\/strong> (<em>Tablica 1.)<\/em> (Europski fond za jamstva u poljoprivredi) kojom se financira provedba mjere Distribucija i\/ili isporuka vo\u0107a i povr\u0107a te mlijeka i mlije\u010dnih proizvoda;<\/li>\r\n<\/ul>\r\n<ul>\r\n \t<li><strong>Nacionalna potpora<\/strong> (<em>Tablica 2.<\/em>), (Dr\u017eavni prora\u010dun Republike Hrvatske) koja podrazumijeva:\r\na) financijska sredstva koja se dodjeljuju podnositeljima zahtjeva za potporu za mjeru Distribucija i\/ili isporuka vo\u0107a i povr\u0107a te mlijeka i mlije\u010dnih proizvoda za potrebe pokri\u0107a tro\u0161kova poreza na dodanu vrijednost za kupljeno\/isporu\u010deno vo\u0107e i povr\u0107e te mlijeko i mlije\u010dne proizvode na temelju Zakona o porezu na dodanu vrijednost (\u201eNarodne novine\u201d, br. 73\/13., 99\/13., 148\/13., 153\/13., 143\/14, 115\/16., 106\/18., 121\/19., 138\/20., 39\/22 i 113\/22.);\r\nb) financijska sredstva kojima se financira provedba tri mjere:<\/li>\r\n<\/ul>\r\n<ol start=\"13\">\r\n \t<li style=\"list-style-type: none;\">\r\n<ul>\r\n \t<li>Prate\u0107e obrazovne mjere,<\/li>\r\n \t<li>Promocija,<\/li>\r\n \t<li>Pra\u0107enje i ocjenjivanje.<\/li>\r\n<\/ul>\r\n<\/li>\r\n<\/ol>\r\n<div><\/div>\r\n<a name=\"_Toc129616444\"><\/a><strong>Tablica 1.<\/strong> Potpora Europske unije\r\n<table width=\"605\">\r\n<tbody>\r\n<tr>\r\n<td rowspan=\"2\" width=\"261\">MJERE<\/td>\r\n<td colspan=\"2\" width=\"344\">POTPORA EUROPSKE UNIJE (EFJP)<\/td>\r\n<\/tr>\r\n<tr>\r\n<td width=\"165\">\u0160KOLSKO VO\u0106E I POVR\u0106E<\/td>\r\n<td width=\"180\">\u0160KOLSKO MLIJEKO\r\n\r\nI MLIJE\u010cNI\r\n\r\nPROIZVODI<\/td>\r\n<\/tr>\r\n<tr>\r\n<td width=\"261\">Distribucija i\/ili isporuka vo\u0107a i povr\u0107a te mlijeka i mlije\u010dnih proizvoda<\/td>\r\n<td width=\"165\">1.278.964,00<\/td>\r\n<td width=\"180\">610.533,00<\/td>\r\n<\/tr>\r\n<tr>\r\n<td width=\"261\">Prate\u0107e obrazovne mjere<\/td>\r\n<td width=\"165\">&#8211;<\/td>\r\n<td width=\"180\">&#8211;<\/td>\r\n<\/tr>\r\n<tr>\r\n<td width=\"261\">Pra\u0107enje i ocjenjivanje<\/td>\r\n<td width=\"165\">&#8211;<\/td>\r\n<td width=\"180\">&#8211;<\/td>\r\n<\/tr>\r\n<tr>\r\n<td width=\"261\">Promocija\/promid\u017eba<\/td>\r\n<td width=\"165\">&#8211;<\/td>\r\n<td width=\"180\">&#8211;<\/td>\r\n<\/tr>\r\n<tr>\r\n<td width=\"261\">Ukupno<\/td>\r\n<td width=\"165\">1.278.964,00<\/td>\r\n<td width=\"180\">610.533,00<\/td>\r\n<\/tr>\r\n<tr>\r\n<td width=\"261\">SVEUKUPNO<\/td>\r\n<td colspan=\"2\" width=\"344\"><strong>11.336.982,00 <\/strong>= 6 x (1.278.964,00 + 610.533,00)<\/td>\r\n<\/tr>\r\n<\/tbody>\r\n<\/table>\r\n<a name=\"_Toc129616445\"><\/a><strong>Tablica 2.<\/strong>\u00a0 Nacionalna potpora (Dr\u017eavni prora\u010dun Republike Hrvatske)\r\n<table width=\"606\">\r\n<tbody>\r\n<tr>\r\n<td colspan=\"2\" rowspan=\"2\" width=\"242\">MJERE<\/td>\r\n<td rowspan=\"2\" width=\"132\">PRIHVATLJIVI TRO\u0160AK<\/td>\r\n<td colspan=\"2\" width=\"231\">NACIONALNA POTPORA\r\n\r\n(DP RH)<\/td>\r\n<\/tr>\r\n<tr>\r\n<td width=\"108\">\u0160KOLSKO VO\u0106E I POVR\u0106E<\/td>\r\n<td width=\"123\">\u0160KOLSKO MLIJEKO\r\n\r\nI MLIJE\u010cNI\r\n\r\nPROIZVODI<\/td>\r\n<\/tr>\r\n<tr>\r\n<td width=\"67\"><strong>12.1.2.1.<\/strong><\/td>\r\n<td width=\"176\">Distribucija i\/ili isporuka vo\u0107a i povr\u0107a te mlijeka i mlije\u010dnih proizvoda<\/td>\r\n<td width=\"132\">Tro\u0161ak PDV-a<\/td>\r\n<td width=\"108\">200.000,00<\/td>\r\n<td width=\"123\">100.000,00<\/td>\r\n<\/tr>\r\n<tr>\r\n<td rowspan=\"3\" width=\"67\"><strong>12.1.2.2.<\/strong><\/td>\r\n<td width=\"176\">Prate\u0107e obrazovne mjere<\/td>\r\n<td width=\"132\">Provedba mjere uklju\u010duju\u0107i i tro\u0161ak PDV-a<\/td>\r\n<td width=\"108\">62.500,00<\/td>\r\n<td width=\"123\">62.500,00<\/td>\r\n<\/tr>\r\n<tr>\r\n<td width=\"176\">Promocija<\/td>\r\n<td width=\"132\">Provedba mjere uklju\u010duju\u0107i i tro\u0161ak PDV-a<\/td>\r\n<td width=\"108\">12.500,00<\/td>\r\n<td width=\"123\">12.500,00<\/td>\r\n<\/tr>\r\n<tr>\r\n<td width=\"176\">Pra\u0107enje i ocjenjivanje<\/td>\r\n<td width=\"132\">Provedba mjere uklju\u010duju\u0107i i tro\u0161ak PDV-a<\/td>\r\n<td width=\"108\">12.500,00<\/td>\r\n<td width=\"123\">12.500,00<\/td>\r\n<\/tr>\r\n<tr>\r\n<td colspan=\"3\" rowspan=\"2\" width=\"375\"><strong>Ukupno<\/strong><\/td>\r\n<td width=\"108\"><strong>287.500,00<\/strong><\/td>\r\n<td width=\"123\"><strong>187.500,00<\/strong><\/td>\r\n<\/tr>\r\n<tr>\r\n<td colspan=\"2\" width=\"231\"><strong>475.000,00<\/strong><\/td>\r\n<\/tr>\r\n<tr>\r\n<td colspan=\"3\" width=\"375\"><strong>SVEUKUPNO<\/strong><\/td>\r\n<td colspan=\"2\" width=\"231\"><strong>2.850.000,00 <\/strong>(6 x 475.000,00)<\/td>\r\n<\/tr>\r\n<\/tbody>\r\n<\/table>\r\n<strong>Tablica 3.<\/strong> Ukupan iznos financijskih sredstava za provedbu Nacionalne strategije u \u0161estogodi\u0161njem programskom razdoblju (2023.\/2024. \u2013 2028.2029.)\r\n<table>\r\n<tbody>\r\n<tr>\r\n<td width=\"303\"><strong>IZVOR<\/strong><\/td>\r\n<td width=\"303\"><strong>IZNOS (EUR)<\/strong><\/td>\r\n<\/tr>\r\n<tr>\r\n<td width=\"303\">Potpora Europske unije (EFJP)<\/td>\r\n<td width=\"303\">11.336.982,00<\/td>\r\n<\/tr>\r\n<tr>\r\n<td width=\"303\">Nacionalna potpora (DP RH)<\/td>\r\n<td width=\"303\">2.850.000,00<\/td>\r\n<\/tr>\r\n<tr>\r\n<td width=\"303\"><strong>UKUPNO<\/strong><\/td>\r\n<td width=\"303\"><strong>14.186.982,00<\/strong><\/td>\r\n<\/tr>\r\n<\/tbody>\r\n<\/table>\t\t\t\t\t\t<\/div>\n\t\t\t\t<\/div>\n\t\t\t\t\t<\/div>\n\t\t<\/div>\n\t\t\t\t\t\t\t<\/div>\n\t\t<\/section>\n\t\t\t\t\t\t\t<\/div>\n\t\t","protected":false},"excerpt":{"rendered":"<p>O projektu Potreba promoviranja zdravog na\u010dina \u017eivota i s njim povezane pravilne prehrane, osobito djece i mladih ljudi, predstavlja zna\u010dajnu komponentu javnozdravstvenih politika Europske unije. \u0160kolska shema predstavlja dobrovoljni, dodatni program, koji uz cjelogodi\u0161nji \u0161kolski program prehrane u\u010denika i sudjelovanje u\u010denika u njezinim drugim mjerama, pozitivno utje\u010de na pobolj\u0161anje prehrambenih navika djece \u0161kolske dobi te [&hellip;]<\/p>\n","protected":false},"author":2,"featured_media":0,"parent":0,"menu_order":0,"comment_status":"closed","ping_status":"closed","template":"","meta":[],"yoast_head":"<!-- This site is optimized with the Yoast SEO plugin v20.12 - https:\/\/yoast.com\/wordpress\/plugins\/seo\/ -->\n<title>About - \u0160kolska shema<\/title>\n<meta name=\"robots\" content=\"index, follow, max-snippet:-1, max-image-preview:large, max-video-preview:-1\" \/>\n<link rel=\"canonical\" href=\"https:\/\/skolskashema.mps.hr\/o-projektu\/\" \/>\n<meta property=\"og:locale\" content=\"en_US\" \/>\n<meta property=\"og:type\" content=\"article\" \/>\n<meta property=\"og:title\" content=\"About - \u0160kolska shema\" \/>\n<meta property=\"og:description\" content=\"O projektu Potreba promoviranja zdravog na\u010dina \u017eivota i s njim povezane pravilne prehrane, osobito djece i mladih ljudi, predstavlja zna\u010dajnu komponentu javnozdravstvenih politika Europske unije. \u0160kolska shema predstavlja dobrovoljni, dodatni program, koji uz cjelogodi\u0161nji \u0161kolski program prehrane u\u010denika i sudjelovanje u\u010denika u njezinim drugim mjerama, pozitivno utje\u010de na pobolj\u0161anje prehrambenih navika djece \u0161kolske dobi te [&hellip;]\" \/>\n<meta property=\"og:url\" content=\"https:\/\/skolskashema.mps.hr\/o-projektu\/\" \/>\n<meta property=\"og:site_name\" content=\"\u0160kolska shema\" \/>\n<meta property=\"article:modified_time\" content=\"2023-08-01T07:42:10+00:00\" \/>\n<meta name=\"twitter:card\" content=\"summary_large_image\" \/>\n<meta name=\"twitter:label1\" content=\"Est. reading time\" \/>\n\t<meta name=\"twitter:data1\" content=\"6 minutes\" \/>\n<script type=\"application\/ld+json\" class=\"yoast-schema-graph\">{\"@context\":\"https:\/\/schema.org\",\"@graph\":[{\"@type\":\"WebPage\",\"@id\":\"https:\/\/skolskashema.mps.hr\/o-projektu\/\",\"url\":\"https:\/\/skolskashema.mps.hr\/o-projektu\/\",\"name\":\"About - \u0160kolska shema\",\"isPartOf\":{\"@id\":\"https:\/\/skolskashema.mps.hr\/#website\"},\"datePublished\":\"2023-06-27T15:45:12+00:00\",\"dateModified\":\"2023-08-01T07:42:10+00:00\",\"breadcrumb\":{\"@id\":\"https:\/\/skolskashema.mps.hr\/o-projektu\/#breadcrumb\"},\"inLanguage\":\"en-US\",\"potentialAction\":[{\"@type\":\"ReadAction\",\"target\":[\"https:\/\/skolskashema.mps.hr\/o-projektu\/\"]}]},{\"@type\":\"BreadcrumbList\",\"@id\":\"https:\/\/skolskashema.mps.hr\/o-projektu\/#breadcrumb\",\"itemListElement\":[{\"@type\":\"ListItem\",\"position\":1,\"name\":\"Home\",\"item\":\"https:\/\/skolskashema.mps.hr\/\"},{\"@type\":\"ListItem\",\"position\":2,\"name\":\"About\"}]},{\"@type\":\"WebSite\",\"@id\":\"https:\/\/skolskashema.mps.hr\/#website\",\"url\":\"https:\/\/skolskashema.mps.hr\/\",\"name\":\"\u0160kolska shema\",\"description\":\"\",\"publisher\":{\"@id\":\"https:\/\/skolskashema.mps.hr\/#organization\"},\"potentialAction\":[{\"@type\":\"SearchAction\",\"target\":{\"@type\":\"EntryPoint\",\"urlTemplate\":\"https:\/\/skolskashema.mps.hr\/?s={search_term_string}\"},\"query-input\":\"required name=search_term_string\"}],\"inLanguage\":\"en-US\"},{\"@type\":\"Organization\",\"@id\":\"https:\/\/skolskashema.mps.hr\/#organization\",\"name\":\"\u0160kolska shema\",\"url\":\"https:\/\/skolskashema.mps.hr\/\",\"logo\":{\"@type\":\"ImageObject\",\"inLanguage\":\"en-US\",\"@id\":\"https:\/\/skolskashema.mps.hr\/#\/schema\/logo\/image\/\",\"url\":\"https:\/\/skolskashema.mps.hr\/wp-content\/uploads\/2023\/06\/Skolska_shema-logo.jpeg\",\"contentUrl\":\"https:\/\/skolskashema.mps.hr\/wp-content\/uploads\/2023\/06\/Skolska_shema-logo.jpeg\",\"width\":354,\"height\":437,\"caption\":\"\u0160kolska shema\"},\"image\":{\"@id\":\"https:\/\/skolskashema.mps.hr\/#\/schema\/logo\/image\/\"}}]}<\/script>\n<!-- \/ Yoast SEO plugin. -->","yoast_head_json":{"title":"About - \u0160kolska shema","robots":{"index":"index","follow":"follow","max-snippet":"max-snippet:-1","max-image-preview":"max-image-preview:large","max-video-preview":"max-video-preview:-1"},"canonical":"https:\/\/skolskashema.mps.hr\/o-projektu\/","og_locale":"en_US","og_type":"article","og_title":"About - \u0160kolska shema","og_description":"O projektu Potreba promoviranja zdravog na\u010dina \u017eivota i s njim povezane pravilne prehrane, osobito djece i mladih ljudi, predstavlja zna\u010dajnu komponentu javnozdravstvenih politika Europske unije. \u0160kolska shema predstavlja dobrovoljni, dodatni program, koji uz cjelogodi\u0161nji \u0161kolski program prehrane u\u010denika i sudjelovanje u\u010denika u njezinim drugim mjerama, pozitivno utje\u010de na pobolj\u0161anje prehrambenih navika djece \u0161kolske dobi te [&hellip;]","og_url":"https:\/\/skolskashema.mps.hr\/o-projektu\/","og_site_name":"\u0160kolska shema","article_modified_time":"2023-08-01T07:42:10+00:00","twitter_card":"summary_large_image","twitter_misc":{"Est. reading time":"6 minutes"},"schema":{"@context":"https:\/\/schema.org","@graph":[{"@type":"WebPage","@id":"https:\/\/skolskashema.mps.hr\/o-projektu\/","url":"https:\/\/skolskashema.mps.hr\/o-projektu\/","name":"About - \u0160kolska shema","isPartOf":{"@id":"https:\/\/skolskashema.mps.hr\/#website"},"datePublished":"2023-06-27T15:45:12+00:00","dateModified":"2023-08-01T07:42:10+00:00","breadcrumb":{"@id":"https:\/\/skolskashema.mps.hr\/o-projektu\/#breadcrumb"},"inLanguage":"en-US","potentialAction":[{"@type":"ReadAction","target":["https:\/\/skolskashema.mps.hr\/o-projektu\/"]}]},{"@type":"BreadcrumbList","@id":"https:\/\/skolskashema.mps.hr\/o-projektu\/#breadcrumb","itemListElement":[{"@type":"ListItem","position":1,"name":"Home","item":"https:\/\/skolskashema.mps.hr\/"},{"@type":"ListItem","position":2,"name":"About"}]},{"@type":"WebSite","@id":"https:\/\/skolskashema.mps.hr\/#website","url":"https:\/\/skolskashema.mps.hr\/","name":"\u0160kolska shema","description":"","publisher":{"@id":"https:\/\/skolskashema.mps.hr\/#organization"},"potentialAction":[{"@type":"SearchAction","target":{"@type":"EntryPoint","urlTemplate":"https:\/\/skolskashema.mps.hr\/?s={search_term_string}"},"query-input":"required name=search_term_string"}],"inLanguage":"en-US"},{"@type":"Organization","@id":"https:\/\/skolskashema.mps.hr\/#organization","name":"\u0160kolska shema","url":"https:\/\/skolskashema.mps.hr\/","logo":{"@type":"ImageObject","inLanguage":"en-US","@id":"https:\/\/skolskashema.mps.hr\/#\/schema\/logo\/image\/","url":"https:\/\/skolskashema.mps.hr\/wp-content\/uploads\/2023\/06\/Skolska_shema-logo.jpeg","contentUrl":"https:\/\/skolskashema.mps.hr\/wp-content\/uploads\/2023\/06\/Skolska_shema-logo.jpeg","width":354,"height":437,"caption":"\u0160kolska shema"},"image":{"@id":"https:\/\/skolskashema.mps.hr\/#\/schema\/logo\/image\/"}}]}},"_links":{"self":[{"href":"https:\/\/skolskashema.mps.hr\/en\/wp-json\/wp\/v2\/pages\/507"}],"collection":[{"href":"https:\/\/skolskashema.mps.hr\/en\/wp-json\/wp\/v2\/pages"}],"about":[{"href":"https:\/\/skolskashema.mps.hr\/en\/wp-json\/wp\/v2\/types\/page"}],"author":[{"embeddable":true,"href":"https:\/\/skolskashema.mps.hr\/en\/wp-json\/wp\/v2\/users\/2"}],"replies":[{"embeddable":true,"href":"https:\/\/skolskashema.mps.hr\/en\/wp-json\/wp\/v2\/comments?post=507"}],"version-history":[{"count":3,"href":"https:\/\/skolskashema.mps.hr\/en\/wp-json\/wp\/v2\/pages\/507\/revisions"}],"predecessor-version":[{"id":543,"href":"https:\/\/skolskashema.mps.hr\/en\/wp-json\/wp\/v2\/pages\/507\/revisions\/543"}],"wp:attachment":[{"href":"https:\/\/skolskashema.mps.hr\/en\/wp-json\/wp\/v2\/media?parent=507"}],"curies":[{"name":"wp","href":"https:\/\/api.w.org\/{rel}","templated":true}]}}